{"id":1651,"date":"2025-06-23T16:51:39","date_gmt":"2025-06-23T16:51:39","guid":{"rendered":"https:\/\/gueyerealestate.com\/wps\/?page_id=1651"},"modified":"2025-08-07T12:25:27","modified_gmt":"2025-08-07T12:25:27","slug":"amenagement-interieur","status":"publish","type":"page","link":"https:\/\/gueyerealestate.com\/wps\/services\/amenagement-interieur\/","title":{"rendered":"Am\u00e9nagement int\u00e9rieur"},"content":{"rendered":"\t\t<div data-elementor-type=\"wp-page\" data-elementor-id=\"1651\" class=\"elementor elementor-1651\" data-elementor-post-type=\"page\">\n\t\t\t\t\t\t<section class=\"elementor-section elementor-top-section elementor-element elementor-element-600e41d elementor-section-boxed elementor-section-height-default elementor-section-height-default\" data-id=\"600e41d\" data-element_type=\"section\" data-settings=\"{&quot;background_background&quot;:&quot;classic&quot;}\">\n\t\t\t\t\t\t<div class=\"elementor-container elementor-column-gap-default\">\n\t\t\t\t\t<div class=\"elementor-column elementor-col-100 elementor-top-column elementor-element elementor-element-d98039e\" data-id=\"d98039e\" data-element_type=\"column\">\n\t\t\t<div class=\"elementor-widget-wrap elementor-element-populated\">\n\t\t\t\t\t\t<div class=\"elementor-element elementor-element-f28c549 elementor-invisible elementor-widget elementor-widget-heading\" data-id=\"f28c549\" data-element_type=\"widget\" data-settings=\"{&quot;_animation&quot;:&quot;fadeInUp&quot;}\" data-widget_type=\"heading.default\">\n\t\t\t\t<div class=\"elementor-widget-container\">\n\t\t\t\t\t<h1 class=\"elementor-heading-title elementor-size-default\">Am\u00e9nagement int\u00e9rieur<\/h1>\t\t\t\t<\/div>\n\t\t\t\t<\/div>\n\t\t\t\t\t<\/div>\n\t\t<\/div>\n\t\t\t\t\t<\/div>\n\t\t<\/section>\n\t\t\t\t<section class=\"elementor-section elementor-top-section elementor-element elementor-element-1083b95 elementor-reverse-mobile elementor-section-boxed elementor-section-height-default elementor-section-height-default\" data-id=\"1083b95\" data-element_type=\"section\" data-settings=\"{&quot;background_background&quot;:&quot;classic&quot;}\">\n\t\t\t\t\t\t<div class=\"elementor-container elementor-column-gap-default\">\n\t\t\t\t\t<div class=\"elementor-column elementor-col-50 elementor-top-column elementor-element elementor-element-0ea1acd\" data-id=\"0ea1acd\" data-element_type=\"column\" data-settings=\"{&quot;background_background&quot;:&quot;classic&quot;}\">\n\t\t\t<div class=\"elementor-widget-wrap elementor-element-populated\">\n\t\t\t\t\t\t<div class=\"elementor-element elementor-element-9711196 elementor-invisible elementor-widget elementor-widget-text-editor\" data-id=\"9711196\" data-element_type=\"widget\" data-settings=\"{&quot;_animation&quot;:&quot;fadeInUp&quot;}\" data-widget_type=\"text-editor.default\">\n\t\t\t\t<div class=\"elementor-widget-container\">\n\t\t\t\t\t\t\t\t\t<h3 data-start=\"247\" data-end=\"335\"><strong data-start=\"251\" data-end=\"335\">Donnez vie \u00e0 vos espaces avec \u00e9l\u00e9gance et fonctionnalit\u00e9<\/strong><\/h3><p data-start=\"337\" data-end=\"650\">L\u2019 <strong>am\u00e9nagement int\u00e9rieur<\/strong> est bien plus qu\u2019un simple agencement de mobilier : c\u2019est <strong>l\u2019art de cr\u00e9er <\/strong>des environnements <strong>harmonieux, confortables et adapt\u00e9s <\/strong>aux besoins de ses occupants.<\/p><p data-start=\"337\" data-end=\"650\">Chez GRE, nous repensons les espaces de vie, de travail et de commerce avec une exigence de <strong>qualit\u00e9<\/strong>, <strong>d\u2019esth\u00e9tique<\/strong> et de <strong>durabilit\u00e9<\/strong>.<\/p><p><strong>Notre mission<\/strong> : Sublimer vos espaces tout en optimisant leur fonctionnalit\u00e9.<\/p><p><strong>Notre ambition : <\/strong>Cr\u00e9er des lieux qui inspirent et qui durent.\u00a0<\/p>\t\t\t\t\t\t\t\t<\/div>\n\t\t\t\t<\/div>\n\t\t\t\t<div class=\"elementor-element elementor-element-6a1c526 elementor-mobile-align-center elementor-invisible elementor-widget elementor-widget-button\" data-id=\"6a1c526\" data-element_type=\"widget\" data-settings=\"{&quot;_animation&quot;:&quot;fadeInUp&quot;}\" data-widget_type=\"button.default\">\n\t\t\t\t<div class=\"elementor-widget-container\">\n\t\t\t\t\t\t\t\t\t<div class=\"elementor-button-wrapper\">\n\t\t\t\t\t<a class=\"elementor-button elementor-button-link elementor-size-sm\" href=\"https:\/\/gueyerealestate.com\/wps\/contact\/\">\n\t\t\t\t\t\t<span class=\"elementor-button-content-wrapper\">\n\t\t\t\t\t\t\t\t\t<span class=\"elementor-button-text\">Contactez Nous<\/span>\n\t\t\t\t\t<\/span>\n\t\t\t\t\t<\/a>\n\t\t\t\t<\/div>\n\t\t\t\t\t\t\t\t<\/div>\n\t\t\t\t<\/div>\n\t\t\t\t\t<\/div>\n\t\t<\/div>\n\t\t\t\t<div class=\"elementor-column elementor-col-50 elementor-top-column elementor-element elementor-element-57c0a4d\" data-id=\"57c0a4d\" data-element_type=\"column\">\n\t\t\t<div class=\"elementor-widget-wrap elementor-element-populated\">\n\t\t\t\t\t\t<div class=\"elementor-element elementor-element-570794d elementor-absolute elementor-hidden-mobile elementor-widget elementor-widget-spacer\" data-id=\"570794d\" data-element_type=\"widget\" data-settings=\"{&quot;_position&quot;:&quot;absolute&quot;}\" data-widget_type=\"spacer.default\">\n\t\t\t\t<div class=\"elementor-widget-container\">\n\t\t\t\t\t\t\t<div class=\"elementor-spacer\">\n\t\t\t<div class=\"elementor-spacer-inner\"><\/div>\n\t\t<\/div>\n\t\t\t\t\t\t<\/div>\n\t\t\t\t<\/div>\n\t\t\t\t<div class=\"elementor-element elementor-element-a802415 elementor-invisible elementor-widget elementor-widget-image\" data-id=\"a802415\" data-element_type=\"widget\" data-settings=\"{&quot;_animation&quot;:&quot;fadeInRight&quot;}\" data-widget_type=\"image.default\">\n\t\t\t\t<div class=\"elementor-widget-container\">\n\t\t\t\t\t\t\t\t\t\t\t\t\t\t\t<img fetchpriority=\"high\" decoding=\"async\" width=\"1024\" height=\"681\" src=\"https:\/\/gueyerealestate.com\/wps\/wp-content\/uploads\/2025\/08\/PHOTO-2025-08-07-12-24-50-1024x681.jpg\" class=\"attachment-large size-large wp-image-1916\" alt=\"\" srcset=\"https:\/\/gueyerealestate.com\/wps\/wp-content\/uploads\/2025\/08\/PHOTO-2025-08-07-12-24-50-1024x681.jpg 1024w, https:\/\/gueyerealestate.com\/wps\/wp-content\/uploads\/2025\/08\/PHOTO-2025-08-07-12-24-50-300x199.jpg 300w, https:\/\/gueyerealestate.com\/wps\/wp-content\/uploads\/2025\/08\/PHOTO-2025-08-07-12-24-50-768x511.jpg 768w, https:\/\/gueyerealestate.com\/wps\/wp-content\/uploads\/2025\/08\/PHOTO-2025-08-07-12-24-50.jpg 1080w\" sizes=\"(max-width: 1024px) 100vw, 1024px\" \/>\t\t\t\t\t\t\t\t\t\t\t\t\t\t\t<\/div>\n\t\t\t\t<\/div>\n\t\t\t\t\t<\/div>\n\t\t<\/div>\n\t\t\t\t\t<\/div>\n\t\t<\/section>\n\t\t\t\t<\/div>\n\t\t","protected":false},"excerpt":{"rendered":"<p>Donnez vie \u00e0 vos espaces avec \u00e9l\u00e9gance et fonctionnalit\u00e9 L\u2019 am\u00e9nagement int\u00e9rieur est bien plus qu\u2019un simple agencement de mobilier [&hellip;]<\/p>\n","protected":false},"author":1,"featured_media":0,"parent":55,"menu_order":0,"comment_status":"closed","ping_status":"closed","template":"","meta":{"site-sidebar-layout":"no-sidebar","site-content-layout":"","ast-site-content-layout":"full-width-container","site-content-style":"default","site-sidebar-style":"default","ast-global-header-display":"","ast-banner-title-visibility":"","ast-main-header-display":"","ast-hfb-above-header-display":"","ast-hfb-below-header-display":"","ast-hfb-mobile-header-display":"","site-post-title":"disabled","ast-breadcrumbs-content":"","ast-featured-img":"disabled","footer-sml-layout":"","theme-transparent-header-meta":"default","adv-header-id-meta":"","stick-header-meta":"","header-above-stick-meta":"","header-main-stick-meta":"","header-below-stick-meta":"","astra-migrate-meta-layouts":"set","ast-page-background-enabled":"default","ast-page-background-meta":{"desktop":{"background-color":"var(--ast-global-color-4)","background-image":"","background-repeat":"repeat","background-position":"center center","background-size":"auto","background-attachment":"scroll","background-type":"","background-media":"","overlay-type":"","overlay-color":"","overlay-opacity":"","overlay-gradient":""},"tablet":{"background-color":"","background-image":"","background-repeat":"repeat","background-position":"center center","background-size":"auto","background-attachment":"scroll","background-type":"","background-media":"","overlay-type":"","overlay-color":"","overlay-opacity":"","overlay-gradient":""},"mobile":{"background-color":"","background-image":"","background-repeat":"repeat","background-position":"center center","background-size":"auto","background-attachment":"scroll","background-type":"","background-media":"","overlay-type":"","overlay-color":"","overlay-opacity":"","overlay-gradient":""}},"ast-content-background-meta":{"desktop":{"background-color":"var(--ast-global-color-5)","background-image":"","background-repeat":"repeat","background-position":"center center","background-size":"auto","background-attachment":"scroll","background-type":"","background-media":"","overlay-type":"","overlay-color":"","overlay-opacity":"","overlay-gradient":""},"tablet":{"background-color":"var(--ast-global-color-5)","background-image":"","background-repeat":"repeat","background-position":"center center","background-size":"auto","background-attachment":"scroll","background-type":"","background-media":"","overlay-type":"","overlay-color":"","overlay-opacity":"","overlay-gradient":""},"mobile":{"background-color":"var(--ast-global-color-5)","background-image":"","background-repeat":"repeat","background-position":"center center","background-size":"auto","background-attachment":"scroll","background-type":"","background-media":"","overlay-type":"","overlay-color":"","overlay-opacity":"","overlay-gradient":""}},"footnotes":""},"class_list":["post-1651","page","type-page","status-publish","hentry"],"acf":[],"_links":{"self":[{"href":"https:\/\/gueyerealestate.com\/wps\/wp-json\/wp\/v2\/pages\/1651","targetHints":{"allow":["GET"]}}],"collection":[{"href":"https:\/\/gueyerealestate.com\/wps\/wp-json\/wp\/v2\/pages"}],"about":[{"href":"https:\/\/gueyerealestate.com\/wps\/wp-json\/wp\/v2\/types\/page"}],"author":[{"embeddable":true,"href":"https:\/\/gueyerealestate.com\/wps\/wp-json\/wp\/v2\/users\/1"}],"replies":[{"embeddable":true,"href":"https:\/\/gueyerealestate.com\/wps\/wp-json\/wp\/v2\/comments?post=1651"}],"version-history":[{"count":40,"href":"https:\/\/gueyerealestate.com\/wps\/wp-json\/wp\/v2\/pages\/1651\/revisions"}],"predecessor-version":[{"id":1919,"href":"https:\/\/gueyerealestate.com\/wps\/wp-json\/wp\/v2\/pages\/1651\/revisions\/1919"}],"up":[{"embeddable":true,"href":"https:\/\/gueyerealestate.com\/wps\/wp-json\/wp\/v2\/pages\/55"}],"wp:attachment":[{"href":"https:\/\/gueyerealestate.com\/wps\/wp-json\/wp\/v2\/media?parent=1651"}],"curies":[{"name":"wp","href":"https:\/\/api.w.org\/{rel}","templated":true}]}}