{"id":1581,"date":"2025-06-21T15:59:36","date_gmt":"2025-06-21T15:59:36","guid":{"rendered":"https:\/\/gueyerealestate.com\/wps\/?page_id=1581"},"modified":"2025-06-30T15:52:35","modified_gmt":"2025-06-30T15:52:35","slug":"gestion-locative-syndic","status":"publish","type":"page","link":"https:\/\/gueyerealestate.com\/wps\/services\/gestion-locative-syndic\/","title":{"rendered":"Gestion locative &#038; syndic"},"content":{"rendered":"\t\t<div data-elementor-type=\"wp-page\" data-elementor-id=\"1581\" class=\"elementor elementor-1581\" data-elementor-post-type=\"page\">\n\t\t\t\t\t\t<section class=\"elementor-section elementor-top-section elementor-element elementor-element-600e41d elementor-section-boxed elementor-section-height-default elementor-section-height-default\" data-id=\"600e41d\" data-element_type=\"section\" data-settings=\"{&quot;background_background&quot;:&quot;classic&quot;}\">\n\t\t\t\t\t\t<div class=\"elementor-container elementor-column-gap-default\">\n\t\t\t\t\t<div class=\"elementor-column elementor-col-100 elementor-top-column elementor-element elementor-element-d98039e\" data-id=\"d98039e\" data-element_type=\"column\">\n\t\t\t<div class=\"elementor-widget-wrap elementor-element-populated\">\n\t\t\t\t\t\t<div class=\"elementor-element elementor-element-f28c549 elementor-invisible elementor-widget elementor-widget-heading\" data-id=\"f28c549\" data-element_type=\"widget\" data-settings=\"{&quot;_animation&quot;:&quot;fadeInUp&quot;}\" data-widget_type=\"heading.default\">\n\t\t\t\t<div class=\"elementor-widget-container\">\n\t\t\t\t\t<h1 class=\"elementor-heading-title elementor-size-default\">Gestion locative &#038; syndic<\/h1>\t\t\t\t<\/div>\n\t\t\t\t<\/div>\n\t\t\t\t\t<\/div>\n\t\t<\/div>\n\t\t\t\t\t<\/div>\n\t\t<\/section>\n\t\t\t\t<section class=\"elementor-section elementor-top-section elementor-element elementor-element-ed5eabb elementor-reverse-mobile elementor-section-boxed elementor-section-height-default elementor-section-height-default\" data-id=\"ed5eabb\" data-element_type=\"section\" data-settings=\"{&quot;background_background&quot;:&quot;classic&quot;}\">\n\t\t\t\t\t\t<div class=\"elementor-container elementor-column-gap-default\">\n\t\t\t\t\t<div class=\"elementor-column elementor-col-50 elementor-top-column elementor-element elementor-element-2409660\" data-id=\"2409660\" data-element_type=\"column\" data-settings=\"{&quot;background_background&quot;:&quot;classic&quot;}\">\n\t\t\t<div class=\"elementor-widget-wrap elementor-element-populated\">\n\t\t\t\t\t\t<div class=\"elementor-element elementor-element-7326581 elementor-invisible elementor-widget elementor-widget-text-editor\" data-id=\"7326581\" data-element_type=\"widget\" data-settings=\"{&quot;_animation&quot;:&quot;fadeInUp&quot;}\" data-widget_type=\"text-editor.default\">\n\t\t\t\t<div class=\"elementor-widget-container\">\n\t\t\t\t\t\t\t\t\t<p>Avec une <b>\u00e9quipe d\u00e9di\u00e9e<\/b> et une <b>connaissance approfondie du march\u00e9<\/b>, GRE s&#8217;engage \u00e0 offrir un service de <b>qualit\u00e9<\/b>, <b>transparent<\/b> et <b>r\u00e9actif<\/b>. Confiez-nous la gestion de vos biens pour b\u00e9n\u00e9ficier d&#8217;une <b>tranquillit\u00e9 d&#8217;esprit<\/b> et d&#8217;une <b>rentabilit\u00e9 optimis\u00e9e<\/b>.<\/p><p>GRE met \u00e0 la disposition de sa client\u00e8le des solutions \u00e0 la carte dans le domaine de la gestion locative, la transaction et revente de biens immobiliers r\u00e9sidentiels, commerciaux et tertiaires.<\/p><p>Nous vous proposons de prendre en charge et de g\u00e9rer votre patrimoine immobilier (particuliers, entreprises, investisseurs) afin de le sauvegarder et de l\u2019optimiser.<\/p><p>Doter d\u2019une vision globale de l\u2019administration de biens, nos experts optimisent les diff\u00e9rents postes de d\u00e9penses, pour vous permettre de r\u00e9aliser de substantielles \u00e9conomies.<\/p>\t\t\t\t\t\t\t\t<\/div>\n\t\t\t\t<\/div>\n\t\t\t\t<div class=\"elementor-element elementor-element-5905865 elementor-mobile-align-center elementor-invisible elementor-widget elementor-widget-button\" data-id=\"5905865\" data-element_type=\"widget\" data-settings=\"{&quot;_animation&quot;:&quot;fadeInUp&quot;}\" data-widget_type=\"button.default\">\n\t\t\t\t<div class=\"elementor-widget-container\">\n\t\t\t\t\t\t\t\t\t<div class=\"elementor-button-wrapper\">\n\t\t\t\t\t<a class=\"elementor-button elementor-button-link elementor-size-sm\" href=\"https:\/\/gueyerealestate.com\/wps\/contact\/\">\n\t\t\t\t\t\t<span class=\"elementor-button-content-wrapper\">\n\t\t\t\t\t\t\t\t\t<span class=\"elementor-button-text\">Contactez Nous<\/span>\n\t\t\t\t\t<\/span>\n\t\t\t\t\t<\/a>\n\t\t\t\t<\/div>\n\t\t\t\t\t\t\t\t<\/div>\n\t\t\t\t<\/div>\n\t\t\t\t\t<\/div>\n\t\t<\/div>\n\t\t\t\t<div class=\"elementor-column elementor-col-50 elementor-top-column elementor-element elementor-element-7fcb0ae\" data-id=\"7fcb0ae\" data-element_type=\"column\">\n\t\t\t<div class=\"elementor-widget-wrap elementor-element-populated\">\n\t\t\t\t\t\t<div class=\"elementor-element elementor-element-43ecc15 elementor-absolute elementor-hidden-mobile elementor-widget elementor-widget-spacer\" data-id=\"43ecc15\" data-element_type=\"widget\" data-settings=\"{&quot;_position&quot;:&quot;absolute&quot;}\" data-widget_type=\"spacer.default\">\n\t\t\t\t<div class=\"elementor-widget-container\">\n\t\t\t\t\t\t\t<div class=\"elementor-spacer\">\n\t\t\t<div class=\"elementor-spacer-inner\"><\/div>\n\t\t<\/div>\n\t\t\t\t\t\t<\/div>\n\t\t\t\t<\/div>\n\t\t\t\t<div class=\"elementor-element elementor-element-2679d8f elementor-invisible elementor-widget elementor-widget-image\" data-id=\"2679d8f\" data-element_type=\"widget\" data-settings=\"{&quot;_animation&quot;:&quot;fadeInRight&quot;}\" data-widget_type=\"image.default\">\n\t\t\t\t<div class=\"elementor-widget-container\">\n\t\t\t\t\t\t\t\t\t\t\t\t\t\t\t<img fetchpriority=\"high\" decoding=\"async\" width=\"1024\" height=\"682\" src=\"https:\/\/gueyerealestate.com\/wps\/wp-content\/uploads\/2025\/06\/AAA-1-1024x682.jpg\" class=\"attachment-large size-large wp-image-1822\" alt=\"\" srcset=\"https:\/\/gueyerealestate.com\/wps\/wp-content\/uploads\/2025\/06\/AAA-1-1024x682.jpg 1024w, https:\/\/gueyerealestate.com\/wps\/wp-content\/uploads\/2025\/06\/AAA-1-300x200.jpg 300w, https:\/\/gueyerealestate.com\/wps\/wp-content\/uploads\/2025\/06\/AAA-1-768x511.jpg 768w, https:\/\/gueyerealestate.com\/wps\/wp-content\/uploads\/2025\/06\/AAA-1-1536x1023.jpg 1536w, https:\/\/gueyerealestate.com\/wps\/wp-content\/uploads\/2025\/06\/AAA-1-2048x1364.jpg 2048w\" sizes=\"(max-width: 1024px) 100vw, 1024px\" \/>\t\t\t\t\t\t\t\t\t\t\t\t\t\t\t<\/div>\n\t\t\t\t<\/div>\n\t\t\t\t\t<\/div>\n\t\t<\/div>\n\t\t\t\t\t<\/div>\n\t\t<\/section>\n\t\t\t\t<section class=\"elementor-section elementor-top-section elementor-element elementor-element-4719272 elementor-section-boxed elementor-section-height-default elementor-section-height-default\" data-id=\"4719272\" data-element_type=\"section\" data-settings=\"{&quot;background_background&quot;:&quot;classic&quot;}\">\n\t\t\t\t\t\t<div class=\"elementor-container elementor-column-gap-default\">\n\t\t\t\t\t<div class=\"elementor-column elementor-col-100 elementor-top-column elementor-element elementor-element-3eb3275\" data-id=\"3eb3275\" data-element_type=\"column\">\n\t\t\t<div class=\"elementor-widget-wrap elementor-element-populated\">\n\t\t\t\t\t\t<div class=\"elementor-element elementor-element-5d36c44 elementor-invisible elementor-widget elementor-widget-heading\" data-id=\"5d36c44\" data-element_type=\"widget\" data-settings=\"{&quot;_animation&quot;:&quot;fadeInUp&quot;}\" data-widget_type=\"heading.default\">\n\t\t\t\t<div class=\"elementor-widget-container\">\n\t\t\t\t\t<h2 class=\"elementor-heading-title elementor-size-default\">Derni\u00e8res Annonces<\/h2>\t\t\t\t<\/div>\n\t\t\t\t<\/div>\n\t\t\t\t<div class=\"elementor-element elementor-element-8c1119d elementor-invisible elementor-widget elementor-widget-heading\" data-id=\"8c1119d\" data-element_type=\"widget\" data-settings=\"{&quot;_animation&quot;:&quot;fadeInUp&quot;}\" data-widget_type=\"heading.default\">\n\t\t\t\t<div class=\"elementor-widget-container\">\n\t\t\t\t\t<h2 class=\"elementor-heading-title elementor-size-default\">Veuillez consulter nos derni\u00e8res annonces<\/h2>\t\t\t\t<\/div>\n\t\t\t\t<\/div>\n\t\t\t\t<div class=\"elementor-element elementor-element-fc55ac5 elementor-pagination-type-bullets elementor-arrows-position-inside elementor-pagination-position-outside elementor-widget elementor-widget-loop-carousel\" data-id=\"fc55ac5\" data-element_type=\"widget\" data-settings=\"{&quot;template_id&quot;:&quot;585&quot;,&quot;_skin&quot;:&quot;post&quot;,&quot;slides_to_show&quot;:&quot;3&quot;,&quot;slides_to_show_tablet&quot;:&quot;2&quot;,&quot;slides_to_show_mobile&quot;:&quot;1&quot;,&quot;slides_to_scroll&quot;:&quot;1&quot;,&quot;edit_handle_selector&quot;:&quot;.elementor-widget-container&quot;,&quot;autoplay&quot;:&quot;yes&quot;,&quot;autoplay_speed&quot;:5000,&quot;pause_on_hover&quot;:&quot;yes&quot;,&quot;pause_on_interaction&quot;:&quot;yes&quot;,&quot;infinite&quot;:&quot;yes&quot;,&quot;speed&quot;:500,&quot;offset_sides&quot;:&quot;none&quot;,&quot;arrows&quot;:&quot;yes&quot;,&quot;pagination&quot;:&quot;bullets&quot;,&quot;image_spacing_custom&quot;:{&quot;unit&quot;:&quot;px&quot;,&quot;size&quot;:10,&quot;sizes&quot;:[]},&quot;image_spacing_custom_tablet&quot;:{&quot;unit&quot;:&quot;px&quot;,&quot;size&quot;:&quot;&quot;,&quot;sizes&quot;:[]},&quot;image_spacing_custom_mobile&quot;:{&quot;unit&quot;:&quot;px&quot;,&quot;size&quot;:&quot;&quot;,&quot;sizes&quot;:[]}}\" data-widget_type=\"loop-carousel.post\">\n\t\t\t\t<div class=\"elementor-widget-container\">\n\t\t\t\t\t\t\t<div class=\"swiper elementor-loop-container elementor-grid\" dir=\"ltr\">\n\t\t\t\t<div class=\"swiper-wrapper\" aria-live=\"off\">\n\t\t<style id=\"loop-585\">.elementor-585 .elementor-element.elementor-element-5c76f73 img{width:100%;height:255px;object-fit:cover;object-position:center center;}.elementor-585 .elementor-element.elementor-element-764cb96 .elementor-heading-title{font-family:\"Raleway\", Sans-serif;font-size:22px;font-weight:700;color:#000000;}@media(max-width:1024px){.elementor-585 .elementor-element.elementor-element-5c76f73 img{height:218px;object-fit:cover;}}@media(max-width:767px){.elementor-585 .elementor-element.elementor-element-5c76f73 img{width:100%;max-width:100%;height:185px;object-fit:cover;}.elementor-585 .elementor-element.elementor-element-764cb96 .elementor-heading-title{font-size:18px;}}<\/style>\t\t<div data-elementor-type=\"loop-item\" data-elementor-id=\"585\" class=\"elementor elementor-585 swiper-slide e-loop-item e-loop-item-1080 post-1080 announce type-announce status-publish hentry\" data-elementor-post-type=\"elementor_library\" role=\"group\" aria-roledescription=\"slide\" data-custom-edit-handle=\"1\">\n\t\t\t\t\t<section class=\"elementor-section elementor-top-section elementor-element elementor-element-368db29 elementor-section-boxed elementor-section-height-default elementor-section-height-default\" data-id=\"368db29\" data-element_type=\"section\">\n\t\t\t\t\t\t<div class=\"elementor-container elementor-column-gap-default\">\n\t\t\t\t\t<div class=\"elementor-column elementor-col-100 elementor-top-column elementor-element elementor-element-54abcb4\" data-id=\"54abcb4\" data-element_type=\"column\">\n\t\t\t<div class=\"elementor-widget-wrap elementor-element-populated\">\n\t\t\t\t\t\t<div class=\"elementor-element elementor-element-5c76f73 elementor-widget elementor-widget-theme-post-featured-image elementor-widget-image\" data-id=\"5c76f73\" data-element_type=\"widget\" data-widget_type=\"theme-post-featured-image.default\">\n\t\t\t\t<div class=\"elementor-widget-container\">\n\t\t\t\t\t\t\t\t\t\t\t\t\t\t\t\t<a href=\"https:\/\/gueyerealestate.com\/wps\/announce\/1080-2\/\">\n\t\t\t\t\t\t\t<img decoding=\"async\" width=\"2422\" height=\"1524\" src=\"https:\/\/gueyerealestate.com\/wps\/wp-content\/uploads\/2024\/12\/Capture-decran-2024-12-16-a-18.03.04.png\" class=\"attachment-full size-full wp-image-1092\" alt=\"\" srcset=\"https:\/\/gueyerealestate.com\/wps\/wp-content\/uploads\/2024\/12\/Capture-decran-2024-12-16-a-18.03.04.png 2422w, https:\/\/gueyerealestate.com\/wps\/wp-content\/uploads\/2024\/12\/Capture-decran-2024-12-16-a-18.03.04-300x189.png 300w, https:\/\/gueyerealestate.com\/wps\/wp-content\/uploads\/2024\/12\/Capture-decran-2024-12-16-a-18.03.04-1024x644.png 1024w, https:\/\/gueyerealestate.com\/wps\/wp-content\/uploads\/2024\/12\/Capture-decran-2024-12-16-a-18.03.04-768x483.png 768w, https:\/\/gueyerealestate.com\/wps\/wp-content\/uploads\/2024\/12\/Capture-decran-2024-12-16-a-18.03.04-1536x967.png 1536w, https:\/\/gueyerealestate.com\/wps\/wp-content\/uploads\/2024\/12\/Capture-decran-2024-12-16-a-18.03.04-2048x1289.png 2048w\" sizes=\"(max-width: 2422px) 100vw, 2422px\" \/>\t\t\t\t\t\t\t\t<\/a>\n\t\t\t\t\t\t\t\t\t\t\t\t\t\t\t<\/div>\n\t\t\t\t<\/div>\n\t\t\t\t\t<\/div>\n\t\t<\/div>\n\t\t\t\t\t<\/div>\n\t\t<\/section>\n\t\t\t\t<section class=\"elementor-section elementor-top-section elementor-element elementor-element-d5ecc78 elementor-section-boxed elementor-section-height-default elementor-section-height-default\" data-id=\"d5ecc78\" data-element_type=\"section\">\n\t\t\t\t\t\t<div class=\"elementor-container elementor-column-gap-default\">\n\t\t\t\t\t<div class=\"elementor-column elementor-col-100 elementor-top-column elementor-element elementor-element-2074c91\" data-id=\"2074c91\" data-element_type=\"column\">\n\t\t\t<div class=\"elementor-widget-wrap elementor-element-populated\">\n\t\t\t\t\t\t<div class=\"elementor-element elementor-element-764cb96 elementor-widget elementor-widget-theme-post-title elementor-page-title elementor-widget-heading\" data-id=\"764cb96\" data-element_type=\"widget\" data-widget_type=\"theme-post-title.default\">\n\t\t\t\t<div class=\"elementor-widget-container\">\n\t\t\t\t\t<h1 class=\"elementor-heading-title elementor-size-default\">SR2 &#8211; F2<\/h1>\t\t\t\t<\/div>\n\t\t\t\t<\/div>\n\t\t\t\t\t<\/div>\n\t\t<\/div>\n\t\t\t\t\t<\/div>\n\t\t<\/section>\n\t\t\t\t<\/div>\n\t\t\t\t<div data-elementor-type=\"loop-item\" data-elementor-id=\"585\" class=\"elementor elementor-585 swiper-slide e-loop-item e-loop-item-568 post-568 announce type-announce status-publish has-post-thumbnail hentry\" data-elementor-post-type=\"elementor_library\" role=\"group\" aria-roledescription=\"slide\" data-custom-edit-handle=\"1\">\n\t\t\t\t\t<section class=\"elementor-section elementor-top-section elementor-element elementor-element-368db29 elementor-section-boxed elementor-section-height-default elementor-section-height-default\" data-id=\"368db29\" data-element_type=\"section\">\n\t\t\t\t\t\t<div class=\"elementor-container elementor-column-gap-default\">\n\t\t\t\t\t<div class=\"elementor-column elementor-col-100 elementor-top-column elementor-element elementor-element-54abcb4\" data-id=\"54abcb4\" data-element_type=\"column\">\n\t\t\t<div class=\"elementor-widget-wrap elementor-element-populated\">\n\t\t\t\t\t\t<div class=\"elementor-element elementor-element-5c76f73 elementor-widget elementor-widget-theme-post-featured-image elementor-widget-image\" data-id=\"5c76f73\" data-element_type=\"widget\" data-widget_type=\"theme-post-featured-image.default\">\n\t\t\t\t<div class=\"elementor-widget-container\">\n\t\t\t\t\t\t\t\t\t\t\t\t\t\t\t\t<a href=\"https:\/\/gueyerealestate.com\/wps\/announce\/sr4-f4-projet\/\">\n\t\t\t\t\t\t\t<img decoding=\"async\" width=\"1280\" height=\"960\" src=\"https:\/\/gueyerealestate.com\/wps\/wp-content\/uploads\/2024\/12\/WhatsApp-Image-2024-11-26-at-07.04.18.jpeg\" class=\"attachment-full size-full wp-image-1374\" alt=\"\" srcset=\"https:\/\/gueyerealestate.com\/wps\/wp-content\/uploads\/2024\/12\/WhatsApp-Image-2024-11-26-at-07.04.18.jpeg 1280w, https:\/\/gueyerealestate.com\/wps\/wp-content\/uploads\/2024\/12\/WhatsApp-Image-2024-11-26-at-07.04.18-300x225.jpeg 300w, https:\/\/gueyerealestate.com\/wps\/wp-content\/uploads\/2024\/12\/WhatsApp-Image-2024-11-26-at-07.04.18-1024x768.jpeg 1024w, https:\/\/gueyerealestate.com\/wps\/wp-content\/uploads\/2024\/12\/WhatsApp-Image-2024-11-26-at-07.04.18-768x576.jpeg 768w\" sizes=\"(max-width: 1280px) 100vw, 1280px\" \/>\t\t\t\t\t\t\t\t<\/a>\n\t\t\t\t\t\t\t\t\t\t\t\t\t\t\t<\/div>\n\t\t\t\t<\/div>\n\t\t\t\t\t<\/div>\n\t\t<\/div>\n\t\t\t\t\t<\/div>\n\t\t<\/section>\n\t\t\t\t<section class=\"elementor-section elementor-top-section elementor-element elementor-element-d5ecc78 elementor-section-boxed elementor-section-height-default elementor-section-height-default\" data-id=\"d5ecc78\" data-element_type=\"section\">\n\t\t\t\t\t\t<div class=\"elementor-container elementor-column-gap-default\">\n\t\t\t\t\t<div class=\"elementor-column elementor-col-100 elementor-top-column elementor-element elementor-element-2074c91\" data-id=\"2074c91\" data-element_type=\"column\">\n\t\t\t<div class=\"elementor-widget-wrap elementor-element-populated\">\n\t\t\t\t\t\t<div class=\"elementor-element elementor-element-764cb96 elementor-widget elementor-widget-theme-post-title elementor-page-title elementor-widget-heading\" data-id=\"764cb96\" data-element_type=\"widget\" data-widget_type=\"theme-post-title.default\">\n\t\t\t\t<div class=\"elementor-widget-container\">\n\t\t\t\t\t<h1 class=\"elementor-heading-title elementor-size-default\">SR4 &#8211; F4<\/h1>\t\t\t\t<\/div>\n\t\t\t\t<\/div>\n\t\t\t\t\t<\/div>\n\t\t<\/div>\n\t\t\t\t\t<\/div>\n\t\t<\/section>\n\t\t\t\t<\/div>\n\t\t\t\t<div data-elementor-type=\"loop-item\" data-elementor-id=\"585\" class=\"elementor elementor-585 swiper-slide e-loop-item e-loop-item-550 post-550 announce type-announce status-publish has-post-thumbnail hentry\" data-elementor-post-type=\"elementor_library\" role=\"group\" aria-roledescription=\"slide\" data-custom-edit-handle=\"1\">\n\t\t\t\t\t<section class=\"elementor-section elementor-top-section elementor-element elementor-element-368db29 elementor-section-boxed elementor-section-height-default elementor-section-height-default\" data-id=\"368db29\" data-element_type=\"section\">\n\t\t\t\t\t\t<div class=\"elementor-container elementor-column-gap-default\">\n\t\t\t\t\t<div class=\"elementor-column elementor-col-100 elementor-top-column elementor-element elementor-element-54abcb4\" data-id=\"54abcb4\" data-element_type=\"column\">\n\t\t\t<div class=\"elementor-widget-wrap elementor-element-populated\">\n\t\t\t\t\t\t<div class=\"elementor-element elementor-element-5c76f73 elementor-widget elementor-widget-theme-post-featured-image elementor-widget-image\" data-id=\"5c76f73\" data-element_type=\"widget\" data-widget_type=\"theme-post-featured-image.default\">\n\t\t\t\t<div class=\"elementor-widget-container\">\n\t\t\t\t\t\t\t\t\t\t\t\t\t\t\t\t<a href=\"https:\/\/gueyerealestate.com\/wps\/announce\/sr3-f2-projet\/\">\n\t\t\t\t\t\t\t<img loading=\"lazy\" decoding=\"async\" width=\"2560\" height=\"1707\" src=\"https:\/\/gueyerealestate.com\/wps\/wp-content\/uploads\/2024\/12\/IMG_5971-scaled.jpg\" class=\"attachment-full size-full wp-image-320\" alt=\"\" srcset=\"https:\/\/gueyerealestate.com\/wps\/wp-content\/uploads\/2024\/12\/IMG_5971-scaled.jpg 2560w, https:\/\/gueyerealestate.com\/wps\/wp-content\/uploads\/2024\/12\/IMG_5971-300x200.jpg 300w, https:\/\/gueyerealestate.com\/wps\/wp-content\/uploads\/2024\/12\/IMG_5971-1024x683.jpg 1024w, https:\/\/gueyerealestate.com\/wps\/wp-content\/uploads\/2024\/12\/IMG_5971-768x512.jpg 768w, https:\/\/gueyerealestate.com\/wps\/wp-content\/uploads\/2024\/12\/IMG_5971-1536x1024.jpg 1536w, https:\/\/gueyerealestate.com\/wps\/wp-content\/uploads\/2024\/12\/IMG_5971-2048x1365.jpg 2048w\" sizes=\"(max-width: 2560px) 100vw, 2560px\" \/>\t\t\t\t\t\t\t\t<\/a>\n\t\t\t\t\t\t\t\t\t\t\t\t\t\t\t<\/div>\n\t\t\t\t<\/div>\n\t\t\t\t\t<\/div>\n\t\t<\/div>\n\t\t\t\t\t<\/div>\n\t\t<\/section>\n\t\t\t\t<section class=\"elementor-section elementor-top-section elementor-element elementor-element-d5ecc78 elementor-section-boxed elementor-section-height-default elementor-section-height-default\" data-id=\"d5ecc78\" data-element_type=\"section\">\n\t\t\t\t\t\t<div class=\"elementor-container elementor-column-gap-default\">\n\t\t\t\t\t<div class=\"elementor-column elementor-col-100 elementor-top-column elementor-element elementor-element-2074c91\" data-id=\"2074c91\" data-element_type=\"column\">\n\t\t\t<div class=\"elementor-widget-wrap elementor-element-populated\">\n\t\t\t\t\t\t<div class=\"elementor-element elementor-element-764cb96 elementor-widget elementor-widget-theme-post-title elementor-page-title elementor-widget-heading\" data-id=\"764cb96\" data-element_type=\"widget\" data-widget_type=\"theme-post-title.default\">\n\t\t\t\t<div class=\"elementor-widget-container\">\n\t\t\t\t\t<h1 class=\"elementor-heading-title elementor-size-default\">SR3 &#8211; F2<\/h1>\t\t\t\t<\/div>\n\t\t\t\t<\/div>\n\t\t\t\t\t<\/div>\n\t\t<\/div>\n\t\t\t\t\t<\/div>\n\t\t<\/section>\n\t\t\t\t<\/div>\n\t\t\t\t<\/div>\n\t\t<\/div>\n\t\t\t\t\t<div class=\"elementor-swiper-button elementor-swiper-button-prev\" role=\"button\" tabindex=\"0\">\n\t\t\t\t<svg aria-hidden=\"true\" class=\"e-font-icon-svg e-eicon-chevron-left\" viewBox=\"0 0 1000 1000\" xmlns=\"http:\/\/www.w3.org\/2000\/svg\"><path d=\"M646 125C629 125 613 133 604 142L308 442C296 454 292 471 292 487 292 504 296 521 308 533L604 854C617 867 629 875 646 875 663 875 679 871 692 858 704 846 713 829 713 812 713 796 708 779 692 767L438 487 692 225C700 217 708 204 708 187 708 171 704 154 692 142 675 129 663 125 646 125Z\"><\/path><\/svg>\t\t\t<\/div>\n\t\t\t<div class=\"elementor-swiper-button elementor-swiper-button-next\" role=\"button\" tabindex=\"0\">\n\t\t\t\t<svg aria-hidden=\"true\" class=\"e-font-icon-svg e-eicon-chevron-right\" viewBox=\"0 0 1000 1000\" xmlns=\"http:\/\/www.w3.org\/2000\/svg\"><path d=\"M696 533C708 521 713 504 713 487 713 471 708 454 696 446L400 146C388 133 375 125 354 125 338 125 325 129 313 142 300 154 292 171 292 187 292 204 296 221 308 233L563 492 304 771C292 783 288 800 288 817 288 833 296 850 308 863 321 871 338 875 354 875 371 875 388 867 400 854L696 533Z\"><\/path><\/svg>\t\t\t<\/div>\n\t\t\t\t\t<div class=\"swiper-pagination\"><\/div>\n\t\t\t\t\t\t<\/div>\n\t\t\t\t<\/div>\n\t\t\t\t\t<\/div>\n\t\t<\/div>\n\t\t\t\t\t<\/div>\n\t\t<\/section>\n\t\t\t\t<\/div>\n\t\t","protected":false},"excerpt":{"rendered":"<p>Avec une \u00e9quipe d\u00e9di\u00e9e et une connaissance approfondie du march\u00e9, GRE s&#8217;engage \u00e0 offrir un service de qualit\u00e9, transparent et [&hellip;]<\/p>\n","protected":false},"author":1,"featured_media":0,"parent":55,"menu_order":0,"comment_status":"closed","ping_status":"closed","template":"","meta":{"site-sidebar-layout":"no-sidebar","site-content-layout":"","ast-site-content-layout":"full-width-container","site-content-style":"default","site-sidebar-style":"default","ast-global-header-display":"","ast-banner-title-visibility":"","ast-main-header-display":"","ast-hfb-above-header-display":"","ast-hfb-below-header-display":"","ast-hfb-mobile-header-display":"","site-post-title":"disabled","ast-breadcrumbs-content":"","ast-featured-img":"disabled","footer-sml-layout":"","theme-transparent-header-meta":"default","adv-header-id-meta":"","stick-header-meta":"","header-above-stick-meta":"","header-main-stick-meta":"","header-below-stick-meta":"","astra-migrate-meta-layouts":"set","ast-page-background-enabled":"default","ast-page-background-meta":{"desktop":{"background-color":"var(--ast-global-color-4)","background-image":"","background-repeat":"repeat","background-position":"center center","background-size":"auto","background-attachment":"scroll","background-type":"","background-media":"","overlay-type":"","overlay-color":"","overlay-opacity":"","overlay-gradient":""},"tablet":{"background-color":"","background-image":"","background-repeat":"repeat","background-position":"center center","background-size":"auto","background-attachment":"scroll","background-type":"","background-media":"","overlay-type":"","overlay-color":"","overlay-opacity":"","overlay-gradient":""},"mobile":{"background-color":"","background-image":"","background-repeat":"repeat","background-position":"center center","background-size":"auto","background-attachment":"scroll","background-type":"","background-media":"","overlay-type":"","overlay-color":"","overlay-opacity":"","overlay-gradient":""}},"ast-content-background-meta":{"desktop":{"background-color":"var(--ast-global-color-5)","background-image":"","background-repeat":"repeat","background-position":"center center","background-size":"auto","background-attachment":"scroll","background-type":"","background-media":"","overlay-type":"","overlay-color":"","overlay-opacity":"","overlay-gradient":""},"tablet":{"background-color":"var(--ast-global-color-5)","background-image":"","background-repeat":"repeat","background-position":"center center","background-size":"auto","background-attachment":"scroll","background-type":"","background-media":"","overlay-type":"","overlay-color":"","overlay-opacity":"","overlay-gradient":""},"mobile":{"background-color":"var(--ast-global-color-5)","background-image":"","background-repeat":"repeat","background-position":"center center","background-size":"auto","background-attachment":"scroll","background-type":"","background-media":"","overlay-type":"","overlay-color":"","overlay-opacity":"","overlay-gradient":""}},"footnotes":""},"class_list":["post-1581","page","type-page","status-publish","hentry"],"acf":[],"_links":{"self":[{"href":"https:\/\/gueyerealestate.com\/wps\/wp-json\/wp\/v2\/pages\/1581","targetHints":{"allow":["GET"]}}],"collection":[{"href":"https:\/\/gueyerealestate.com\/wps\/wp-json\/wp\/v2\/pages"}],"about":[{"href":"https:\/\/gueyerealestate.com\/wps\/wp-json\/wp\/v2\/types\/page"}],"author":[{"embeddable":true,"href":"https:\/\/gueyerealestate.com\/wps\/wp-json\/wp\/v2\/users\/1"}],"replies":[{"embeddable":true,"href":"https:\/\/gueyerealestate.com\/wps\/wp-json\/wp\/v2\/comments?post=1581"}],"version-history":[{"count":19,"href":"https:\/\/gueyerealestate.com\/wps\/wp-json\/wp\/v2\/pages\/1581\/revisions"}],"predecessor-version":[{"id":1825,"href":"https:\/\/gueyerealestate.com\/wps\/wp-json\/wp\/v2\/pages\/1581\/revisions\/1825"}],"up":[{"embeddable":true,"href":"https:\/\/gueyerealestate.com\/wps\/wp-json\/wp\/v2\/pages\/55"}],"wp:attachment":[{"href":"https:\/\/gueyerealestate.com\/wps\/wp-json\/wp\/v2\/media?parent=1581"}],"curies":[{"name":"wp","href":"https:\/\/api.w.org\/{rel}","templated":true}]}}