{"id":1576,"date":"2025-06-21T15:58:11","date_gmt":"2025-06-21T15:58:11","guid":{"rendered":"https:\/\/gueyerealestate.com\/wps\/?page_id=1576"},"modified":"2025-06-30T16:11:29","modified_gmt":"2025-06-30T16:11:29","slug":"conseil-en-investissement-immobilier","status":"publish","type":"page","link":"https:\/\/gueyerealestate.com\/wps\/services\/conseil-en-investissement-immobilier\/","title":{"rendered":"Conseil en investissement immobilier"},"content":{"rendered":"\t\t<div data-elementor-type=\"wp-page\" data-elementor-id=\"1576\" class=\"elementor elementor-1576\" data-elementor-post-type=\"page\">\n\t\t\t\t\t\t<section class=\"elementor-section elementor-top-section elementor-element elementor-element-600e41d elementor-section-boxed elementor-section-height-default elementor-section-height-default\" data-id=\"600e41d\" data-element_type=\"section\" data-settings=\"{&quot;background_background&quot;:&quot;classic&quot;}\">\n\t\t\t\t\t\t<div class=\"elementor-container elementor-column-gap-default\">\n\t\t\t\t\t<div class=\"elementor-column elementor-col-100 elementor-top-column elementor-element elementor-element-d98039e\" data-id=\"d98039e\" data-element_type=\"column\">\n\t\t\t<div class=\"elementor-widget-wrap elementor-element-populated\">\n\t\t\t\t\t\t<div class=\"elementor-element elementor-element-f28c549 elementor-invisible elementor-widget elementor-widget-heading\" data-id=\"f28c549\" data-element_type=\"widget\" data-settings=\"{&quot;_animation&quot;:&quot;fadeInUp&quot;}\" data-widget_type=\"heading.default\">\n\t\t\t\t<div class=\"elementor-widget-container\">\n\t\t\t\t\t<h1 class=\"elementor-heading-title elementor-size-default\">Conseil en investissement immobilier<\/h1>\t\t\t\t<\/div>\n\t\t\t\t<\/div>\n\t\t\t\t\t<\/div>\n\t\t<\/div>\n\t\t\t\t\t<\/div>\n\t\t<\/section>\n\t\t\t\t<section class=\"elementor-section elementor-top-section elementor-element elementor-element-3c22d97 elementor-reverse-mobile elementor-section-boxed elementor-section-height-default elementor-section-height-default\" data-id=\"3c22d97\" data-element_type=\"section\" data-settings=\"{&quot;background_background&quot;:&quot;classic&quot;}\">\n\t\t\t\t\t\t<div class=\"elementor-container elementor-column-gap-default\">\n\t\t\t\t\t<div class=\"elementor-column elementor-col-50 elementor-top-column elementor-element elementor-element-6dab0ee\" data-id=\"6dab0ee\" data-element_type=\"column\" data-settings=\"{&quot;background_background&quot;:&quot;classic&quot;}\">\n\t\t\t<div class=\"elementor-widget-wrap elementor-element-populated\">\n\t\t\t\t\t\t<div class=\"elementor-element elementor-element-7326581 elementor-invisible elementor-widget elementor-widget-text-editor\" data-id=\"7326581\" data-element_type=\"widget\" data-settings=\"{&quot;_animation&quot;:&quot;fadeInUp&quot;}\" data-widget_type=\"text-editor.default\">\n\t\t\t\t<div class=\"elementor-widget-container\">\n\t\t\t\t\t\t\t\t\t<p>Avec une <strong>solide exp\u00e9rience<\/strong> et un<strong> r\u00e9seau \u00e9tendu<\/strong>, GRE s&#8217;engage \u00e0 vous fournir des solutions innovantes et efficaces. Faites confiance \u00e0 notre \u00e9quipe pour vous guider vers des investissements <strong>rentables<\/strong> et <strong>durables<\/strong>.<\/p><p>Notre \u00e9quipe d&#8217;experts analyse minutieusement le march\u00e9 immobilier afin de fournir des conseils strat\u00e9giques adapt\u00e9s \u00e0 vos besoins.<\/p><p>Nous nous appuyons sur des donn\u00e9es exhaustives et fiables pour acc\u00e9l\u00e9rer la prise de d\u00e9cisions strat\u00e9giques afin d\u2019optimiser la gestion de votre portefeuille.<\/p><div id=\"gtx-trans\" style=\"position: absolute; left: -13px; top: 302.667px;\"><div class=\"gtx-trans-icon\">\u00a0<\/div><\/div>\t\t\t\t\t\t\t\t<\/div>\n\t\t\t\t<\/div>\n\t\t\t\t<div class=\"elementor-element elementor-element-1c16670 elementor-mobile-align-center elementor-invisible elementor-widget elementor-widget-button\" data-id=\"1c16670\" data-element_type=\"widget\" data-settings=\"{&quot;_animation&quot;:&quot;fadeInUp&quot;}\" data-widget_type=\"button.default\">\n\t\t\t\t<div class=\"elementor-widget-container\">\n\t\t\t\t\t\t\t\t\t<div class=\"elementor-button-wrapper\">\n\t\t\t\t\t<a class=\"elementor-button elementor-button-link elementor-size-sm\" href=\"https:\/\/gueyerealestate.com\/wps\/contact\/\">\n\t\t\t\t\t\t<span class=\"elementor-button-content-wrapper\">\n\t\t\t\t\t\t\t\t\t<span class=\"elementor-button-text\">Contactez Nous<\/span>\n\t\t\t\t\t<\/span>\n\t\t\t\t\t<\/a>\n\t\t\t\t<\/div>\n\t\t\t\t\t\t\t\t<\/div>\n\t\t\t\t<\/div>\n\t\t\t\t\t<\/div>\n\t\t<\/div>\n\t\t\t\t<div class=\"elementor-column elementor-col-50 elementor-top-column elementor-element elementor-element-8241f26\" data-id=\"8241f26\" data-element_type=\"column\">\n\t\t\t<div class=\"elementor-widget-wrap elementor-element-populated\">\n\t\t\t\t\t\t<div class=\"elementor-element elementor-element-e357aa1 elementor-absolute elementor-hidden-mobile elementor-widget elementor-widget-spacer\" data-id=\"e357aa1\" data-element_type=\"widget\" data-settings=\"{&quot;_position&quot;:&quot;absolute&quot;}\" data-widget_type=\"spacer.default\">\n\t\t\t\t<div class=\"elementor-widget-container\">\n\t\t\t\t\t\t\t<div class=\"elementor-spacer\">\n\t\t\t<div class=\"elementor-spacer-inner\"><\/div>\n\t\t<\/div>\n\t\t\t\t\t\t<\/div>\n\t\t\t\t<\/div>\n\t\t\t\t<div class=\"elementor-element elementor-element-1e6770f elementor-invisible elementor-widget elementor-widget-image\" data-id=\"1e6770f\" data-element_type=\"widget\" data-settings=\"{&quot;_animation&quot;:&quot;fadeInRight&quot;}\" data-widget_type=\"image.default\">\n\t\t\t\t<div class=\"elementor-widget-container\">\n\t\t\t\t\t\t\t\t\t\t\t\t\t\t\t<img fetchpriority=\"high\" decoding=\"async\" width=\"1024\" height=\"768\" src=\"https:\/\/gueyerealestate.com\/wps\/wp-content\/uploads\/2024\/12\/IMG_5353-1024x768.jpg\" class=\"attachment-large size-large wp-image-1298\" alt=\"\" srcset=\"https:\/\/gueyerealestate.com\/wps\/wp-content\/uploads\/2024\/12\/IMG_5353-1024x768.jpg 1024w, https:\/\/gueyerealestate.com\/wps\/wp-content\/uploads\/2024\/12\/IMG_5353-300x225.jpg 300w, https:\/\/gueyerealestate.com\/wps\/wp-content\/uploads\/2024\/12\/IMG_5353-768x576.jpg 768w, https:\/\/gueyerealestate.com\/wps\/wp-content\/uploads\/2024\/12\/IMG_5353-1536x1152.jpg 1536w, https:\/\/gueyerealestate.com\/wps\/wp-content\/uploads\/2024\/12\/IMG_5353-2048x1536.jpg 2048w\" sizes=\"(max-width: 1024px) 100vw, 1024px\" \/>\t\t\t\t\t\t\t\t\t\t\t\t\t\t\t<\/div>\n\t\t\t\t<\/div>\n\t\t\t\t\t<\/div>\n\t\t<\/div>\n\t\t\t\t\t<\/div>\n\t\t<\/section>\n\t\t\t\t<\/div>\n\t\t","protected":false},"excerpt":{"rendered":"<p>Avec une solide exp\u00e9rience et un r\u00e9seau \u00e9tendu, GRE s&#8217;engage \u00e0 vous fournir des solutions innovantes et efficaces. Faites confiance [&hellip;]<\/p>\n","protected":false},"author":1,"featured_media":0,"parent":55,"menu_order":0,"comment_status":"closed","ping_status":"closed","template":"","meta":{"site-sidebar-layout":"no-sidebar","site-content-layout":"","ast-site-content-layout":"full-width-container","site-content-style":"default","site-sidebar-style":"default","ast-global-header-display":"","ast-banner-title-visibility":"","ast-main-header-display":"","ast-hfb-above-header-display":"","ast-hfb-below-header-display":"","ast-hfb-mobile-header-display":"","site-post-title":"disabled","ast-breadcrumbs-content":"","ast-featured-img":"disabled","footer-sml-layout":"","theme-transparent-header-meta":"default","adv-header-id-meta":"","stick-header-meta":"","header-above-stick-meta":"","header-main-stick-meta":"","header-below-stick-meta":"","astra-migrate-meta-layouts":"set","ast-page-background-enabled":"default","ast-page-background-meta":{"desktop":{"background-color":"var(--ast-global-color-4)","background-image":"","background-repeat":"repeat","background-position":"center center","background-size":"auto","background-attachment":"scroll","background-type":"","background-media":"","overlay-type":"","overlay-color":"","overlay-opacity":"","overlay-gradient":""},"tablet":{"background-color":"","background-image":"","background-repeat":"repeat","background-position":"center center","background-size":"auto","background-attachment":"scroll","background-type":"","background-media":"","overlay-type":"","overlay-color":"","overlay-opacity":"","overlay-gradient":""},"mobile":{"background-color":"","background-image":"","background-repeat":"repeat","background-position":"center center","background-size":"auto","background-attachment":"scroll","background-type":"","background-media":"","overlay-type":"","overlay-color":"","overlay-opacity":"","overlay-gradient":""}},"ast-content-background-meta":{"desktop":{"background-color":"var(--ast-global-color-5)","background-image":"","background-repeat":"repeat","background-position":"center center","background-size":"auto","background-attachment":"scroll","background-type":"","background-media":"","overlay-type":"","overlay-color":"","overlay-opacity":"","overlay-gradient":""},"tablet":{"background-color":"var(--ast-global-color-5)","background-image":"","background-repeat":"repeat","background-position":"center center","background-size":"auto","background-attachment":"scroll","background-type":"","background-media":"","overlay-type":"","overlay-color":"","overlay-opacity":"","overlay-gradient":""},"mobile":{"background-color":"var(--ast-global-color-5)","background-image":"","background-repeat":"repeat","background-position":"center center","background-size":"auto","background-attachment":"scroll","background-type":"","background-media":"","overlay-type":"","overlay-color":"","overlay-opacity":"","overlay-gradient":""}},"footnotes":""},"class_list":["post-1576","page","type-page","status-publish","hentry"],"acf":[],"_links":{"self":[{"href":"https:\/\/gueyerealestate.com\/wps\/wp-json\/wp\/v2\/pages\/1576","targetHints":{"allow":["GET"]}}],"collection":[{"href":"https:\/\/gueyerealestate.com\/wps\/wp-json\/wp\/v2\/pages"}],"about":[{"href":"https:\/\/gueyerealestate.com\/wps\/wp-json\/wp\/v2\/types\/page"}],"author":[{"embeddable":true,"href":"https:\/\/gueyerealestate.com\/wps\/wp-json\/wp\/v2\/users\/1"}],"replies":[{"embeddable":true,"href":"https:\/\/gueyerealestate.com\/wps\/wp-json\/wp\/v2\/comments?post=1576"}],"version-history":[{"count":22,"href":"https:\/\/gueyerealestate.com\/wps\/wp-json\/wp\/v2\/pages\/1576\/revisions"}],"predecessor-version":[{"id":1838,"href":"https:\/\/gueyerealestate.com\/wps\/wp-json\/wp\/v2\/pages\/1576\/revisions\/1838"}],"up":[{"embeddable":true,"href":"https:\/\/gueyerealestate.com\/wps\/wp-json\/wp\/v2\/pages\/55"}],"wp:attachment":[{"href":"https:\/\/gueyerealestate.com\/wps\/wp-json\/wp\/v2\/media?parent=1576"}],"curies":[{"name":"wp","href":"https:\/\/api.w.org\/{rel}","templated":true}]}}